{"id":30,"date":"2023-08-22T15:34:52","date_gmt":"2023-08-22T14:34:52","guid":{"rendered":"https:\/\/emmaus-elbeuf.com\/?page_id=30"},"modified":"2023-09-09T15:04:20","modified_gmt":"2023-09-09T14:04:20","slug":"contacts","status":"publish","type":"page","link":"https:\/\/emmaus-elbeuf.com\/?page_id=30","title":{"rendered":"Contacts"},"content":{"rendered":"<pre><strong>Saint Pierre les Elbeuf<\/strong><br \/>131 Rue du Lieroult<br \/>76320 Saint Pierre Les Elbeuf<br \/>Tel: 02 35 77 00 57<br \/>Tel: 06 32 64 68 45<br \/>E-Mail: emmaus.elbeuf@orange.fr<br \/><br \/><strong>Ouverture de la vente au <br \/>bric a brac de St. Pierre:<br \/><br \/><\/strong>Le Mardi, Mercredi et Juedi: <br \/>09:30 - 17:30<br \/>Le Samedi 09:30 - 12:30 et de <br \/>13:30 - 17:30<br \/><strong><em>Fermee a la vente le Vendredi<\/em><\/strong><br \/><strong><em>Fermee Dimache et Lundi.<\/em><\/strong><\/pre>\n\n\n<left>\n<iframe src=\"https:\/\/www.google.com\/maps\/embed?pb=!1m18!1m12!1m3!1d2603.6318601381513!2d1.047185475927312!3d49.26442327204786!2m3!1f0!2f0!3f0!3m2!1i1024!2i768!4f13.1!3m3!1m2!1s0x47e118a732504d6f%3A0xafb92f1014f84a63!2s131%20Rue%20du%20Lieroult%2C%2076320%20Saint-Pierre-l%C3%A8s-Elbeuf!5e0!3m2!1sen!2sfr!4v1692775436631!5m2!1sen!2sfr\" width=\"400\" height=\"300\" style=\"border:0;\" allowfullscreen=\"\" loading=\"lazy\" referrerpolicy=\"no-referrer-when-downgrade\"><\/iframe>\n<\/left>\n\n\n<pre><strong>Antenne d`Evreux<\/strong><br \/>504 Rue Gay Lussac Nr.1<br \/>27000 EVREUX<br \/><br \/><strong>Ouverture de la vente au <br \/>bric a brac d`Evreux:<br \/><\/strong><br \/>Le Mercredi, Juedi et Samedi<br \/>09:30 - 12:00 et de <br \/>13:00 - 17:00<br \/><em><strong>Fermee a la vente Mardi et Vendredi<\/strong><\/em><br \/><em><strong>Fermee Dimache et Lundi.<\/strong><\/em><\/pre>\n\n\n<left>\n<iframe src=\"https:\/\/www.google.com\/maps\/embed?pb=!1m18!1m12!1m3!1d2616.1444255378233!2d1.1827893759124226!3d49.02686008883669!2m3!1f0!2f0!3f0!3m2!1i1024!2i768!4f13.1!3m3!1m2!1s0x47e147856e63934b%3A0x6e8a7c87591ea61b!2s504%20Rue%20Gay%20Lussac%201%2C%2027000%20%C3%89vreux!5e0!3m2!1sen!2sfr!4v1692778524731!5m2!1sen!2sfr\" width=\"400\" height=\"300\" style=\"border:0;\" allowfullscreen=\"1\" loading=\"lazy\" referrerpolicy=\"no-referrer-when-downgrade\"><\/iframe>\n<\/left>\n","protected":false},"excerpt":{"rendered":"<p>Saint Pierre les Elbeuf131 Rue du Lieroult76320 Saint Pierre Les ElbeufTel: 02 35 77 00 57Tel: 06 32 64 68 45E-Mail: emmaus.elbeuf@orange.frOuverture de la vente au bric a brac de St. Pierre:Le Mardi, Mercredi et Juedi: 09:30 &#8211; 17:30Le Samedi 09:30 &#8211; 12:30 et de 13:30 &#8211; 17:30Fermee a la vente le VendrediFermee Dimache et [&hellip;]<\/p>\n","protected":false},"author":1,"featured_media":0,"parent":0,"menu_order":0,"comment_status":"closed","ping_status":"closed","template":"","meta":{"om_disable_all_campaigns":false,"_monsterinsights_skip_tracking":false,"_monsterinsights_sitenote_active":false,"_monsterinsights_sitenote_note":"","_monsterinsights_sitenote_category":0,"footnotes":""},"yoast_head":"<!-- This site is optimized with the Yoast SEO plugin v21.1 - https:\/\/yoast.com\/wordpress\/plugins\/seo\/ -->\n<title>Contacts - Emma\u00fcs Elbeuf<\/title>\n<meta name=\"robots\" content=\"index, follow, max-snippet:-1, max-image-preview:large, max-video-preview:-1\" \/>\n<link rel=\"canonical\" href=\"https:\/\/emmaus-elbeuf.com\/?page_id=30\" \/>\n<meta property=\"og:locale\" content=\"en_US\" \/>\n<meta property=\"og:type\" content=\"article\" \/>\n<meta property=\"og:title\" content=\"Contacts - Emma\u00fcs Elbeuf\" \/>\n<meta property=\"og:description\" content=\"Saint Pierre les Elbeuf131 Rue du Lieroult76320 Saint Pierre Les ElbeufTel: 02 35 77 00 57Tel: 06 32 64 68 45E-Mail: emmaus.elbeuf@orange.frOuverture de la vente au bric a brac de St. Pierre:Le Mardi, Mercredi et Juedi: 09:30 - 17:30Le Samedi 09:30 - 12:30 et de 13:30 - 17:30Fermee a la vente le VendrediFermee Dimache et [&hellip;]\" \/>\n<meta property=\"og:url\" content=\"https:\/\/emmaus-elbeuf.com\/?page_id=30\" \/>\n<meta property=\"og:site_name\" content=\"Emma\u00fcs Elbeuf\" \/>\n<meta property=\"article:publisher\" content=\"https:\/\/www.facebook.com\/emmaus.elbeuf\" \/>\n<meta property=\"article:modified_time\" content=\"2023-09-09T14:04:20+00:00\" \/>\n<meta name=\"twitter:card\" content=\"summary_large_image\" \/>\n<meta name=\"twitter:site\" content=\"@emmauselbeuf\" \/>\n<script type=\"application\/ld+json\" class=\"yoast-schema-graph\">{\"@context\":\"https:\/\/schema.org\",\"@graph\":[{\"@type\":\"WebPage\",\"@id\":\"https:\/\/emmaus-elbeuf.com\/?page_id=30\",\"url\":\"https:\/\/emmaus-elbeuf.com\/?page_id=30\",\"name\":\"Contacts - Emma\u00fcs Elbeuf\",\"isPartOf\":{\"@id\":\"https:\/\/emmaus-elbeuf.com\/#website\"},\"datePublished\":\"2023-08-22T14:34:52+00:00\",\"dateModified\":\"2023-09-09T14:04:20+00:00\",\"breadcrumb\":{\"@id\":\"https:\/\/emmaus-elbeuf.com\/?page_id=30#breadcrumb\"},\"inLanguage\":\"en-US\",\"potentialAction\":[{\"@type\":\"ReadAction\",\"target\":[\"https:\/\/emmaus-elbeuf.com\/?page_id=30\"]}]},{\"@type\":\"BreadcrumbList\",\"@id\":\"https:\/\/emmaus-elbeuf.com\/?page_id=30#breadcrumb\",\"itemListElement\":[{\"@type\":\"ListItem\",\"position\":1,\"name\":\"Home\",\"item\":\"https:\/\/emmaus-elbeuf.com\/\"},{\"@type\":\"ListItem\",\"position\":2,\"name\":\"Contacts\"}]},{\"@type\":\"WebSite\",\"@id\":\"https:\/\/emmaus-elbeuf.com\/#website\",\"url\":\"https:\/\/emmaus-elbeuf.com\/\",\"name\":\"Emma\u00fcs Elbeuf\",\"description\":\"Communaut\u00e9 Emma\u00fcs Elbeuf\",\"publisher\":{\"@id\":\"https:\/\/emmaus-elbeuf.com\/#organization\"},\"potentialAction\":[{\"@type\":\"SearchAction\",\"target\":{\"@type\":\"EntryPoint\",\"urlTemplate\":\"https:\/\/emmaus-elbeuf.com\/?s={search_term_string}\"},\"query-input\":\"required name=search_term_string\"}],\"inLanguage\":\"en-US\"},{\"@type\":\"Organization\",\"@id\":\"https:\/\/emmaus-elbeuf.com\/#organization\",\"name\":\"Emma\u00fcs Elbeuf\",\"url\":\"https:\/\/emmaus-elbeuf.com\/\",\"logo\":{\"@type\":\"ImageObject\",\"inLanguage\":\"en-US\",\"@id\":\"https:\/\/emmaus-elbeuf.com\/#\/schema\/logo\/image\/\",\"url\":\"http:\/\/emmaus-elbeuf.com\/wp-content\/uploads\/2023\/08\/logo-emmaus.png\",\"contentUrl\":\"http:\/\/emmaus-elbeuf.com\/wp-content\/uploads\/2023\/08\/logo-emmaus.png\",\"width\":719,\"height\":800,\"caption\":\"Emma\u00fcs Elbeuf\"},\"image\":{\"@id\":\"https:\/\/emmaus-elbeuf.com\/#\/schema\/logo\/image\/\"},\"sameAs\":[\"https:\/\/www.facebook.com\/emmaus.elbeuf\",\"https:\/\/twitter.com\/emmauselbeuf\",\"https:\/\/www.instagram.com\/emmaus.elbeuf\/\"]}]}<\/script>\n<!-- \/ Yoast SEO plugin. -->","yoast_head_json":{"title":"Contacts - Emma\u00fcs Elbeuf","robots":{"index":"index","follow":"follow","max-snippet":"max-snippet:-1","max-image-preview":"max-image-preview:large","max-video-preview":"max-video-preview:-1"},"canonical":"https:\/\/emmaus-elbeuf.com\/?page_id=30","og_locale":"en_US","og_type":"article","og_title":"Contacts - Emma\u00fcs Elbeuf","og_description":"Saint Pierre les Elbeuf131 Rue du Lieroult76320 Saint Pierre Les ElbeufTel: 02 35 77 00 57Tel: 06 32 64 68 45E-Mail: emmaus.elbeuf@orange.frOuverture de la vente au bric a brac de St. Pierre:Le Mardi, Mercredi et Juedi: 09:30 - 17:30Le Samedi 09:30 - 12:30 et de 13:30 - 17:30Fermee a la vente le VendrediFermee Dimache et [&hellip;]","og_url":"https:\/\/emmaus-elbeuf.com\/?page_id=30","og_site_name":"Emma\u00fcs Elbeuf","article_publisher":"https:\/\/www.facebook.com\/emmaus.elbeuf","article_modified_time":"2023-09-09T14:04:20+00:00","twitter_card":"summary_large_image","twitter_site":"@emmauselbeuf","schema":{"@context":"https:\/\/schema.org","@graph":[{"@type":"WebPage","@id":"https:\/\/emmaus-elbeuf.com\/?page_id=30","url":"https:\/\/emmaus-elbeuf.com\/?page_id=30","name":"Contacts - Emma\u00fcs Elbeuf","isPartOf":{"@id":"https:\/\/emmaus-elbeuf.com\/#website"},"datePublished":"2023-08-22T14:34:52+00:00","dateModified":"2023-09-09T14:04:20+00:00","breadcrumb":{"@id":"https:\/\/emmaus-elbeuf.com\/?page_id=30#breadcrumb"},"inLanguage":"en-US","potentialAction":[{"@type":"ReadAction","target":["https:\/\/emmaus-elbeuf.com\/?page_id=30"]}]},{"@type":"BreadcrumbList","@id":"https:\/\/emmaus-elbeuf.com\/?page_id=30#breadcrumb","itemListElement":[{"@type":"ListItem","position":1,"name":"Home","item":"https:\/\/emmaus-elbeuf.com\/"},{"@type":"ListItem","position":2,"name":"Contacts"}]},{"@type":"WebSite","@id":"https:\/\/emmaus-elbeuf.com\/#website","url":"https:\/\/emmaus-elbeuf.com\/","name":"Emma\u00fcs Elbeuf","description":"Communaut\u00e9 Emma\u00fcs Elbeuf","publisher":{"@id":"https:\/\/emmaus-elbeuf.com\/#organization"},"potentialAction":[{"@type":"SearchAction","target":{"@type":"EntryPoint","urlTemplate":"https:\/\/emmaus-elbeuf.com\/?s={search_term_string}"},"query-input":"required name=search_term_string"}],"inLanguage":"en-US"},{"@type":"Organization","@id":"https:\/\/emmaus-elbeuf.com\/#organization","name":"Emma\u00fcs Elbeuf","url":"https:\/\/emmaus-elbeuf.com\/","logo":{"@type":"ImageObject","inLanguage":"en-US","@id":"https:\/\/emmaus-elbeuf.com\/#\/schema\/logo\/image\/","url":"http:\/\/emmaus-elbeuf.com\/wp-content\/uploads\/2023\/08\/logo-emmaus.png","contentUrl":"http:\/\/emmaus-elbeuf.com\/wp-content\/uploads\/2023\/08\/logo-emmaus.png","width":719,"height":800,"caption":"Emma\u00fcs Elbeuf"},"image":{"@id":"https:\/\/emmaus-elbeuf.com\/#\/schema\/logo\/image\/"},"sameAs":["https:\/\/www.facebook.com\/emmaus.elbeuf","https:\/\/twitter.com\/emmauselbeuf","https:\/\/www.instagram.com\/emmaus.elbeuf\/"]}]}},"_links":{"self":[{"href":"https:\/\/emmaus-elbeuf.com\/index.php?rest_route=\/wp\/v2\/pages\/30"}],"collection":[{"href":"https:\/\/emmaus-elbeuf.com\/index.php?rest_route=\/wp\/v2\/pages"}],"about":[{"href":"https:\/\/emmaus-elbeuf.com\/index.php?rest_route=\/wp\/v2\/types\/page"}],"author":[{"embeddable":true,"href":"https:\/\/emmaus-elbeuf.com\/index.php?rest_route=\/wp\/v2\/users\/1"}],"replies":[{"embeddable":true,"href":"https:\/\/emmaus-elbeuf.com\/index.php?rest_route=%2Fwp%2Fv2%2Fcomments&post=30"}],"version-history":[{"count":20,"href":"https:\/\/emmaus-elbeuf.com\/index.php?rest_route=\/wp\/v2\/pages\/30\/revisions"}],"predecessor-version":[{"id":173,"href":"https:\/\/emmaus-elbeuf.com\/index.php?rest_route=\/wp\/v2\/pages\/30\/revisions\/173"}],"wp:attachment":[{"href":"https:\/\/emmaus-elbeuf.com\/index.php?rest_route=%2Fwp%2Fv2%2Fmedia&parent=30"}],"curies":[{"name":"wp","href":"https:\/\/api.w.org\/{rel}","templated":true}]}}